{"id":547,"date":"2025-08-22T12:02:51","date_gmt":"2025-08-22T10:02:51","guid":{"rendered":"https:\/\/www.butard-enescot.com\/?page_id=547"},"modified":"2026-02-06T10:21:13","modified_gmt":"2026-02-06T09:21:13","slug":"contact","status":"publish","type":"page","link":"https:\/\/www.butard-enescot.com\/en\/contact\/","title":{"rendered":"Contact"},"content":{"rendered":"<div class=\"wp-block-uagb-container slider-block uagb-block-b40f7523 alignfull uagb-is-root-container\">\n<div class=\"wp-block-uagb-container slider-block uagb-block-5dcd1a53 alignfull uagb-is-root-container\">\n<div class=\"wp-block-uagb-image uagb-block-102a28a3 wp-block-uagb-image--layout-default wp-block-uagb-image--effect-static wp-block-uagb-image--align-none logo-home-slider\"><figure class=\"wp-block-uagb-image__figure\"><img decoding=\"async\" srcset=\"https:\/\/www.butard-enescot.com\/wp-content\/uploads\/2025\/07\/BE_LOGO_BLANC_RVB-150x300.png ,https:\/\/www.butard-enescot.com\/wp-content\/uploads\/2025\/07\/BE_LOGO_BLANC_RVB.png 780w, https:\/\/www.butard-enescot.com\/wp-content\/uploads\/2025\/07\/BE_LOGO_BLANC_RVB.png 360w\" sizes=\"auto, (max-width: 480px) 150px\" src=\"https:\/\/www.butard-enescot.com\/wp-content\/uploads\/2025\/07\/BE_LOGO_BLANC_RVB-150x300.png\" alt=\"\" class=\"uag-image-14\" width=\"150\" height=\"300\" title=\"BE_LOGO_BLANC_RVB\" loading=\"lazy\" role=\"img\"\/><\/figure><\/div>\n\n\n\n<div class=\"wp-block-uagb-advanced-heading uagb-block-b3b76931\"><h1 class=\"uagb-heading-text\"><strong>Contact<\/strong><\/h1><\/div>\n\n\n\n<div class=\"wp-block-uagb-icon-list uagb-block-da7c3b0e f-14-mobile\"><div class=\"uagb-icon-list__wrap\">\n<div class=\"wp-block-uagb-icon-list-child uagb-block-27714a18\"><a target=\"_self\" aria-label=\"+33155662333\" rel=\"noopener noreferrer\" href=\"tel:+33155662333\"> <\/a><span class=\"uagb-icon-list__label\">+33155662333<\/span><\/div>\n\n\n\n<div class=\"wp-block-uagb-icon-list-child uagb-block-cd7e15e7\"><a target=\"_blank\" aria-label=\"308 avenue du Pr\u00e9sident Salvador Allende, 92700, Colombes\" rel=\"noopener noreferrer\" href=\"https:\/\/maps.app.goo.gl\/ebLVGjo3BaLgrYpMA\"> <\/a><span class=\"uagb-icon-list__label\">308 avenue du Pr\u00e9sident Salvador Allende, 92700, Colombes<\/span><\/div>\n\n\n\n<div class=\"wp-block-uagb-icon-list-child uagb-block-04885263\"><a target=\"_self\" aria-label=\"contact@butard-enescot.com\" rel=\"noopener noreferrer\" href=\"mailto:contact@butard-enescot.com\"> <\/a><span class=\"uagb-icon-list__label\">contact@butard-enescot.com<\/span><\/div>\n<\/div><\/div>\n<\/div>\n<\/div>\n\n\n\n<div data-aos= \"fade-up\" data-aos-duration=\"400\" data-aos-delay=\"0\" data-aos-easing=\"ease\" data-aos-once=\"true\" id=\"contactform\" class=\"wp-block-uagb-container relative testimonial-bloc rest-connt contact-page-bloc uagb-block-994693d1 alignfull uagb-is-root-container\"><div class=\"uagb-container-inner-blocks-wrap\">\n<div class=\"wp-block-uagb-advanced-heading uagb-block-6c51bdf0 title-home\"><h3 class=\"uagb-heading-text\">Connect with Us<\/h3><\/div>\n\n\n\n<p class=\"has-text-align-center f-300 fw-u has-text-color has-link-color wp-elements-2e56389793323860ed36a0ef7bdbdc77\" style=\"color:#737d6e;margin-top:15px;margin-bottom:15px\">Join our community and be the first to discover our innovations and the events<br>we host in Paris\u2019s most exquisite venues.<\/p>\n\n\n\n<div class=\"wpcf7 no-js\" id=\"wpcf7-f206-o1\" lang=\"fr-FR\" dir=\"ltr\" data-wpcf7-id=\"206\">\n<div class=\"screen-reader-response\"><p role=\"status\" aria-live=\"polite\" aria-atomic=\"true\"><\/p> <ul><\/ul><\/div>\n<form action=\"\/en\/wp-json\/wp\/v2\/pages\/547#wpcf7-f206-o1\" method=\"post\" class=\"wpcf7-form init\" aria-label=\"Formulaire de contact\" novalidate=\"novalidate\" data-status=\"init\" data-trp-original-action=\"\/en\/wp-json\/wp\/v2\/pages\/547#wpcf7-f206-o1\">\n<fieldset class=\"hidden-fields-container\"><input type=\"hidden\" name=\"_wpcf7\" value=\"206\" \/><input type=\"hidden\" name=\"_wpcf7_version\" value=\"6.1.5\" \/><input type=\"hidden\" name=\"_wpcf7_locale\" value=\"fr_FR\" \/><input type=\"hidden\" name=\"_wpcf7_unit_tag\" value=\"wpcf7-f206-o1\" \/><input type=\"hidden\" name=\"_wpcf7_container_post\" value=\"0\" \/><input type=\"hidden\" name=\"_wpcf7_posted_data_hash\" value=\"\" \/><input type=\"hidden\" name=\"_wpcf7_recaptcha_response\" value=\"\" \/>\n<\/fieldset>\n<div id=\"form-group\">\n\t<div class=\"form-bloc\">\n\t\t<p><span id=\"closeform\"><\/span>\n\t\t<\/p>\n\t\t<div class=\"title-form fw-u\">\n\t\t\t<p>If you wish to get in touch, please complete the form below.\n\t\t\t<\/p>\n\t\t<\/div>\n\t\t<div class=\"form-field-element custom-input\">\n\t\t\t<p><span class=\"wpcf7-form-control-wrap\" data-name=\"Prenom\"><input size=\"40\" maxlength=\"400\" class=\"wpcf7-form-control wpcf7-text wpcf7-validates-as-required\" aria-required=\"true\" aria-invalid=\"false\" placeholder=\"First Name *\" value=\"\" type=\"text\" name=\"Prenom\" \/><\/span>\n\t\t\t<\/p>\n\t\t<\/div>\n\t\t<div class=\"form-field-element custom-input\">\n\t\t\t<p><span class=\"wpcf7-form-control-wrap\" data-name=\"Nom\"><input size=\"40\" maxlength=\"400\" class=\"wpcf7-form-control wpcf7-text wpcf7-validates-as-required\" aria-required=\"true\" aria-invalid=\"false\" placeholder=\"Last Name *\" value=\"\" type=\"text\" name=\"Nom\" \/><\/span>\n\t\t\t<\/p>\n\t\t<\/div>\n\t\t<div class=\"form-field-element custom-input\">\n\t\t\t<p><span class=\"wpcf7-form-control-wrap\" data-name=\"your-email\"><input size=\"40\" maxlength=\"400\" class=\"wpcf7-form-control wpcf7-email wpcf7-validates-as-required wpcf7-text wpcf7-validates-as-email\" autocomplete=\"email\" aria-required=\"true\" aria-invalid=\"false\" placeholder=\"Email *\" value=\"\" type=\"email\" name=\"your-email\" \/><\/span>\n\t\t\t<\/p>\n\t\t<\/div>\n\t\t<div class=\"form-field-element custom-input\">\n\t\t\t<p><span class=\"wpcf7-form-control-wrap\" data-name=\"Entreprise\"><input size=\"40\" maxlength=\"400\" class=\"wpcf7-form-control wpcf7-text\" aria-invalid=\"false\" placeholder=\"Company\" value=\"\" type=\"text\" name=\"Entreprise\" \/><\/span>\n\t\t\t<\/p>\n\t\t<\/div>\n\t\t<div class=\"form-field-element custom-input\">\n\t\t\t<p><span class=\"wpcf7-form-control-wrap\" data-name=\"textarea-499\"><textarea cols=\"40\" rows=\"10\" maxlength=\"2000\" class=\"wpcf7-form-control wpcf7-textarea\" aria-invalid=\"false\" placeholder=\"Comments\" name=\"textarea-499\"><\/textarea><\/span>\n\t\t\t<\/p>\n\t\t<\/div>\n\t\t<div class=\"form-field-element radio-block\">\n\t\t\t<p><span class=\"wpcf7-form-control-wrap\" data-name=\"terms\"><span class=\"wpcf7-form-control wpcf7-checkbox wpcf7-validates-as-required\"><span class=\"wpcf7-list-item first last\"><label><input type=\"checkbox\" name=\"terms[]\" value=\"J&#039;accepte les termes et conditions *\" \/><span class=\"wpcf7-list-item-label\">I agree to the terms and conditions *<\/span><\/label><\/span><\/span><\/span>\n\t\t\t<\/p>\n\t\t<\/div>\n\t\t<div class=\"send-form\">\n\t\t\t<p><input class=\"wpcf7-form-control wpcf7-submit has-spinner\" type=\"submit\" value=\"Send\" \/>\n\t\t\t<\/p>\n\t\t<\/div>\n\t<\/div>\n<\/div><div class=\"wpcf7-response-output\" aria-hidden=\"true\"><\/div>\n<input type=\"hidden\" name=\"trp-form-language\" value=\"en\"\/><\/form>\n<\/div>\n\n<\/div><\/div>\n\n\n\n<div data-aos= \"fade-up\" data-aos-duration=\"400\" data-aos-delay=\"0\" data-aos-easing=\"ease\" data-aos-once=\"true\" id=\"contactform\" class=\"wp-block-uagb-container relative testimonial-bloc contact-page-bloc uagb-block-0b0afbab alignfull uagb-is-root-container\"><div class=\"uagb-container-inner-blocks-wrap\">\n<div class=\"wp-block-uagb-advanced-heading uagb-block-32a7c52e title-home\"><h3 class=\"uagb-heading-text\">Join Us<\/h3><\/div>\n\n\n\n<p class=\"has-text-align-center f-300 fw-u has-text-color has-link-color wp-elements-058370918ff5bf4d4644e29473910613\" style=\"color:#737d6e;margin-top:15px;margin-bottom:15px\">Join our team and take part in innovative projects within a stimulating environment, enhanced by events held in some of the most beautiful venues in Paris.<\/p>\n\n\n\n<p class=\"has-text-align-center f-300 fw-u has-text-color has-link-color wp-elements-04ef62dec73b492d12aa2a3b7ccdc9af\" style=\"color:#737d6e;margin-top:0px;margin-bottom:0px\">For any application or request for information, please complete this form.<\/p>\n\n\n\n<div class=\"wpcf7 no-js\" id=\"wpcf7-f2046-o2\" lang=\"fr-FR\" dir=\"ltr\" data-wpcf7-id=\"2046\">\n<div class=\"screen-reader-response\"><p role=\"status\" aria-live=\"polite\" aria-atomic=\"true\"><\/p> <ul><\/ul><\/div>\n<form action=\"\/en\/wp-json\/wp\/v2\/pages\/547#wpcf7-f2046-o2\" method=\"post\" class=\"wpcf7-form init\" aria-label=\"Formulaire de contact\" enctype=\"multipart\/form-data\" novalidate=\"novalidate\" data-status=\"init\" data-trp-original-action=\"\/en\/wp-json\/wp\/v2\/pages\/547#wpcf7-f2046-o2\">\n<fieldset class=\"hidden-fields-container\"><input type=\"hidden\" name=\"_wpcf7\" value=\"2046\" \/><input type=\"hidden\" name=\"_wpcf7_version\" value=\"6.1.5\" \/><input type=\"hidden\" name=\"_wpcf7_locale\" value=\"fr_FR\" \/><input type=\"hidden\" name=\"_wpcf7_unit_tag\" value=\"wpcf7-f2046-o2\" \/><input type=\"hidden\" name=\"_wpcf7_container_post\" value=\"0\" \/><input type=\"hidden\" name=\"_wpcf7_posted_data_hash\" value=\"\" \/><input type=\"hidden\" name=\"_wpcf7_recaptcha_response\" value=\"\" \/>\n<\/fieldset>\n<div id=\"form-group\">\n\t<div class=\"form-bloc\">\n\t\t<p><span id=\"closeform\"><\/span>\n\t\t<\/p>\n\t\t<div class=\"form-field-element custom-input\">\n\t\t\t<p><span class=\"wpcf7-form-control-wrap\" data-name=\"Prenom\"><input size=\"40\" maxlength=\"400\" class=\"wpcf7-form-control wpcf7-text wpcf7-validates-as-required\" aria-required=\"true\" aria-invalid=\"false\" placeholder=\"First Name *\" value=\"\" type=\"text\" name=\"Prenom\" \/><\/span>\n\t\t\t<\/p>\n\t\t<\/div>\n\t\t<div class=\"form-field-element custom-input\">\n\t\t\t<p><span class=\"wpcf7-form-control-wrap\" data-name=\"Nom\"><input size=\"40\" maxlength=\"400\" class=\"wpcf7-form-control wpcf7-text wpcf7-validates-as-required\" aria-required=\"true\" aria-invalid=\"false\" placeholder=\"Last Name *\" value=\"\" type=\"text\" name=\"Nom\" \/><\/span>\n\t\t\t<\/p>\n\t\t<\/div>\n\t\t<div class=\"form-field-element custom-input\">\n\t\t\t<p><span class=\"wpcf7-form-control-wrap\" data-name=\"your-email\"><input size=\"40\" maxlength=\"400\" class=\"wpcf7-form-control wpcf7-email wpcf7-validates-as-required wpcf7-text wpcf7-validates-as-email\" autocomplete=\"email\" aria-required=\"true\" aria-invalid=\"false\" placeholder=\"Email *\" value=\"\" type=\"email\" name=\"your-email\" \/><\/span>\n\t\t\t<\/p>\n\t\t<\/div>\n\t\t<div class=\"form-field-element custom-input file-upload relative  fw-u\">\n\t\t\t<p><span class=\"wpcf7-form-control-wrap\" data-name=\"your-file\"><input size=\"40\" class=\"wpcf7-form-control wpcf7-file\" accept=\".pdf,.txt\" aria-invalid=\"false\" type=\"file\" name=\"your-file\" \/><\/span>\n\t\t\t<\/p>\n\t\t\t<div class=\"cv-bloc-pdf\">\n\t\t\t\t<p>Send us your CV\n\t\t\t\t<\/p>\n\t\t\t<\/div>\n\t\t\t<p><span id=\"appendnamefile\"><\/span>\n\t\t\t<\/p>\n\t\t<\/div>\n\t\t<div class=\"form-field-element radio-block\">\n\t\t\t<p><span class=\"wpcf7-form-control-wrap\" data-name=\"terms\"><span class=\"wpcf7-form-control wpcf7-checkbox wpcf7-validates-as-required\"><span class=\"wpcf7-list-item first last\"><label><input type=\"checkbox\" name=\"terms[]\" value=\"J&#039;accepte les termes et conditions *\" \/><span class=\"wpcf7-list-item-label\">I agree to the terms and conditions *<\/span><\/label><\/span><\/span><\/span>\n\t\t\t<\/p>\n\t\t<\/div>\n\t\t<div class=\"send-form\">\n\t\t\t<p><input class=\"wpcf7-form-control wpcf7-submit has-spinner\" type=\"submit\" value=\"Send\" \/>\n\t\t\t<\/p>\n\t\t<\/div>\n\t<\/div>\n<\/div><div class=\"wpcf7-response-output\" aria-hidden=\"true\"><\/div>\n<input type=\"hidden\" name=\"trp-form-language\" value=\"en\"\/><\/form>\n<\/div>\n\n<\/div><\/div>\n\n\n\n<div class=\"wp-block-uagb-container uagb-block-31c1a9da alignfull uagb-is-root-container\"><div class=\"uagb-container-inner-blocks-wrap\">\n<p class=\"has-text-align-center has-accent-1-color has-text-color has-link-color has-tiemposfine-font-family wp-elements-982d64499943e447412de14883552001\" style=\"margin-top:0px;margin-right:0px;margin-bottom:0px;margin-left:0px;font-size:clamp(24.034px, 1.502rem + ((1vw - 3.2px) * 1.565), 40px);\"><em><em><em><em><em><em>\u00ab A perfect dessert? The one that balances between delight and daring. \u00bb<\/em><\/em><\/em><\/em><\/em><\/em><\/p>\n\n\n\n<p class=\"has-text-align-center has-accent-1-color has-text-color has-link-color has-tiemposfine-font-family wp-elements-6116d20ce600a45a823859854393dc69\" style=\"margin-top:0px;margin-right:0px;margin-bottom:0px;margin-left:0px;font-size:clamp(18.959px, 1.185rem + ((1vw - 3.2px) * 1.082), 30px);\"><em><em><em><em><em>Madeleine Enescot<\/em><\/em><\/em><\/em><\/em><\/p>\n<\/div><\/div>\n\n\n\n<div class=\"wp-block-uagb-container uagb-block-d4aef911 alignfull uagb-is-root-container\">\n<div class=\"wp-block-uagb-image aligncenter uagb-block-0cb934a1 wp-block-uagb-image--layout-default wp-block-uagb-image--effect-static wp-block-uagb-image--align-center\"><figure class=\"wp-block-uagb-image__figure\"><img decoding=\"async\" srcset=\"https:\/\/www.butard-enescot.com\/wp-content\/uploads\/2025\/07\/biscuit.jpg ,https:\/\/www.butard-enescot.com\/wp-content\/uploads\/2025\/07\/biscuit.jpg 780w, https:\/\/www.butard-enescot.com\/wp-content\/uploads\/2025\/07\/biscuit.jpg 360w\" sizes=\"auto, (max-width: 480px) 150px\" src=\"https:\/\/www.butard-enescot.com\/wp-content\/uploads\/2025\/07\/biscuit.jpg\" alt=\"Macarons \u00e0 la framboise en pr\u00e9sentation po\u00e9tique\" class=\"uag-image-116\" width=\"1920\" height=\"1230\" title=\"Macarons \u00e0 la framboise en pr\u00e9sentation po\u00e9tique\" loading=\"lazy\" role=\"img\"\/><\/figure><\/div>\n<\/div>","protected":false},"excerpt":{"rendered":"<p>Contact Restons connect\u00e9 Rejoignez notre communaut\u00e9 et soyez le premier inform\u00e9 de nos innovations et des \u00e9v\u00e9nementsque nous organisons dans les plus beaux lieux de Paris. Nous rejoindre Rejoignez notre \u00e9quipe et participez \u00e0 des projets innovants au c\u0153ur d\u2019un environnement stimulant, rythm\u00e9 par des \u00e9v\u00e9nements organis\u00e9s dans les plus beaux lieux de Paris. Pour [&hellip;]<\/p>\n","protected":false},"author":1,"featured_media":0,"parent":0,"menu_order":0,"comment_status":"closed","ping_status":"closed","template":"butard-refonte","meta":{"_uag_custom_page_level_css":"","footnotes":""},"class_list":["post-547","page","type-page","status-publish","hentry"],"uagb_featured_image_src":{"full":false,"thumbnail":false,"medium":false,"medium_large":false,"large":false,"1536x1536":false,"2048x2048":false,"trp-custom-language-flag":false},"uagb_author_info":{"display_name":"technique@celaneo.com","author_link":"https:\/\/www.butard-enescot.com\/en\/author\/techniquecelaneo-com\/"},"uagb_comment_info":0,"uagb_excerpt":"Contact Restons connect\u00e9 Rejoignez notre communaut\u00e9 et soyez le premier inform\u00e9 de nos innovations et des \u00e9v\u00e9nementsque nous organisons dans les plus beaux lieux de Paris. Nous rejoindre Rejoignez notre \u00e9quipe et participez \u00e0 des projets innovants au c\u0153ur d\u2019un environnement stimulant, rythm\u00e9 par des \u00e9v\u00e9nements organis\u00e9s dans les plus beaux lieux de Paris. Pour&hellip;","_links":{"self":[{"href":"https:\/\/www.butard-enescot.com\/en\/wp-json\/wp\/v2\/pages\/547","targetHints":{"allow":["GET"]}}],"collection":[{"href":"https:\/\/www.butard-enescot.com\/en\/wp-json\/wp\/v2\/pages"}],"about":[{"href":"https:\/\/www.butard-enescot.com\/en\/wp-json\/wp\/v2\/types\/page"}],"author":[{"embeddable":true,"href":"https:\/\/www.butard-enescot.com\/en\/wp-json\/wp\/v2\/users\/1"}],"replies":[{"embeddable":true,"href":"https:\/\/www.butard-enescot.com\/en\/wp-json\/wp\/v2\/comments?post=547"}],"version-history":[{"count":66,"href":"https:\/\/www.butard-enescot.com\/en\/wp-json\/wp\/v2\/pages\/547\/revisions"}],"predecessor-version":[{"id":2229,"href":"https:\/\/www.butard-enescot.com\/en\/wp-json\/wp\/v2\/pages\/547\/revisions\/2229"}],"wp:attachment":[{"href":"https:\/\/www.butard-enescot.com\/en\/wp-json\/wp\/v2\/media?parent=547"}],"curies":[{"name":"wp","href":"https:\/\/api.w.org\/{rel}","templated":true}]}}