{"id":229,"date":"2025-07-29T12:57:23","date_gmt":"2025-07-29T10:57:23","guid":{"rendered":"https:\/\/www.butard-enescot.com\/?page_id=229"},"modified":"2026-02-26T13:33:54","modified_gmt":"2026-02-26T12:33:54","slug":"engagement","status":"publish","type":"page","link":"https:\/\/www.butard-enescot.com\/en\/engagement\/","title":{"rendered":"Engagement"},"content":{"rendered":"<div class=\"wp-block-uagb-container slider-block-engagement wave-eng uagb-block-b40f7523 alignfull uagb-is-root-container\">\n<div class=\"wp-block-uagb-container uagb-block-1457aa09 default uagb-is-root-container\">\n<div class=\"wp-block-uagb-image uagb-block-a97c6418 wp-block-uagb-image--layout-default wp-block-uagb-image--effect-static wp-block-uagb-image--align-none\"><figure class=\"wp-block-uagb-image__figure\"><img decoding=\"async\" srcset=\"https:\/\/www.butard-enescot.com\/wp-content\/uploads\/2025\/07\/BE_LOGO_BLANC_RVB-150x300.png ,https:\/\/www.butard-enescot.com\/wp-content\/uploads\/2025\/07\/BE_LOGO_BLANC_RVB.png 780w, https:\/\/www.butard-enescot.com\/wp-content\/uploads\/2025\/07\/BE_LOGO_BLANC_RVB.png 360w\" sizes=\"auto, (max-width: 480px) 150px\" src=\"https:\/\/www.butard-enescot.com\/wp-content\/uploads\/2025\/07\/BE_LOGO_BLANC_RVB-150x300.png\" alt=\"Logo officiel de Butard Enescot\" class=\"uag-image-14\" width=\"150\" height=\"300\" title=\"Logo officiel de Butard Enescot\" loading=\"lazy\" role=\"img\"\/><\/figure><\/div>\n\n\n\n<div data-aos= \"fade-right\" data-aos-duration=\"400\" data-aos-delay=\"0\" data-aos-easing=\"ease\" data-aos-once=\"true\" class=\"wp-block-uagb-advanced-heading uagb-block-fd959320\"><h1 class=\"uagb-heading-text\"><strong>Our commitments<\/strong><\/h1><\/div>\n\n\n\n<p class=\"has-text-align-center has-base-color has-text-color has-link-color wp-elements-14dc42a855e4a91b6fa8828c49e87e15\" style=\"margin-top:10px;margin-bottom:10px;font-size:clamp(16.293px, 1.018rem + ((1vw - 3.2px) * 0.854), 25px);\">A sustainable and human commitment, dedicated to flavor, to our clients<br>and to the meaning we bring to every experience.<\/p>\n<\/div>\n<\/div>\n\n\n\n<div data-aos= \"fade-up\" data-aos-duration=\"400\" data-aos-delay=\"0\" data-aos-easing=\"ease\" data-aos-once=\"true\" class=\"wp-block-uagb-container uagb-block-c4ec5142 alignfull uagb-is-root-container\"><div class=\"uagb-container-inner-blocks-wrap\">\n<div class=\"wp-block-uagb-container d-block uagb-block-85aac4c3\">\n<figure class=\"wp-block-image size-full is-resized heart-image\"><img loading=\"lazy\" decoding=\"async\" width=\"276\" height=\"247\" src=\"https:\/\/www.butard-enescot.com\/wp-content\/uploads\/2025\/07\/heart.png\" alt=\"Ic\u00f4ne Satisfaction Client\" class=\"wp-image-232\" style=\"width:80px\"\/><\/figure>\n\n\n\n<div class=\"wp-block-uagb-advanced-heading uagb-block-56c99a1b\"><h2 class=\"uagb-heading-text\">Guest Satisfaction<\/h2><\/div>\n\n\n\n<p class=\"has-text-color has-link-color wp-elements-3d9fed842df88d99ba6759cdb2f3256a\" style=\"color:#b3b195\">Guest satisfaction is at the very heart of Butard Enescot.<br>Each reception is designed as a bespoke creation, meticulously crafted to offer our guests a seamless, elegant, and unforgettable experience.<\/p>\n\n\n\n<p class=\"has-text-color has-link-color wp-elements-8a91347b2868b5e0550ada7cbf22bc0e\" style=\"color:#b3b195\">Whether it\u2019s an intimate dinner for 20 or a gala for 2,000 guests, our role goes far beyond serving refined cuisine: we design complete event journeys, where hospitality, service, and experience come together to create a perfectly orchestrated moment.<\/p>\n\n\n\n<p class=\"has-text-color has-link-color wp-elements-89fc6f50757b86eea24bfc35a41bb689\" style=\"color:#b3b195\">At Butard Enescot, our promise is simple: to transform every reception into an exceptional occasion, filled with poetry and emotion.<\/p>\n<\/div>\n\n\n\n<div class=\"wp-block-uagb-container image-right  part-officiels uagb-block-1e3aee26\">\n<figure class=\"wp-block-image size-full is-style-default br-16\" style=\"margin-top:0px;margin-bottom:0px\"><img loading=\"lazy\" decoding=\"async\" width=\"1708\" height=\"2560\" src=\"https:\/\/www.butard-enescot.com\/wp-content\/uploads\/2025\/10\/Nos-engagements-satisfaction-client-scaled.jpg\" alt=\"\" class=\"wp-image-1347\" title=\"\" srcset=\"https:\/\/www.butard-enescot.com\/wp-content\/uploads\/2025\/10\/Nos-engagements-satisfaction-client-scaled.jpg 1708w, https:\/\/www.butard-enescot.com\/wp-content\/uploads\/2025\/10\/Nos-engagements-satisfaction-client-200x300.jpg 200w, https:\/\/www.butard-enescot.com\/wp-content\/uploads\/2025\/10\/Nos-engagements-satisfaction-client-683x1024.jpg 683w, https:\/\/www.butard-enescot.com\/wp-content\/uploads\/2025\/10\/Nos-engagements-satisfaction-client-768x1151.jpg 768w, https:\/\/www.butard-enescot.com\/wp-content\/uploads\/2025\/10\/Nos-engagements-satisfaction-client-1025x1536.jpg 1025w, https:\/\/www.butard-enescot.com\/wp-content\/uploads\/2025\/10\/Nos-engagements-satisfaction-client-1366x2048.jpg 1366w\" sizes=\"auto, (max-width: 1708px) 100vw, 1708px\" \/><\/figure>\n<\/div>\n<\/div><\/div>\n\n\n\n<div class=\"wp-block-uagb-container  wave-eng-projet wave-not-anime uagb-block-994693d1 alignfull uagb-is-root-container\"><div class=\"uagb-container-inner-blocks-wrap\">\n<div class=\"wp-block-uagb-advanced-heading uagb-block-6c51bdf0 title-home\"><h3 class=\"uagb-heading-text\">Planning an Event ?<\/h3><\/div>\n\n\n\n<div class=\"wp-block-uagb-buttons uagb-buttons__outer-wrap uagb-btn__default-btn uagb-btn-tablet__default-btn uagb-btn-mobile__default-btn uagb-block-0442be2d open-contact-header\"><div class=\"uagb-buttons__wrap uagb-buttons-layout-wrap\">\n<div class=\"wp-block-uagb-buttons-child uagb-buttons__outer-wrap uagb-block-c82df9e9 wp-block-button open-contact-header-devis\"><div class=\"uagb-button__wrapper\"><a class=\"uagb-buttons-repeater wp-block-button__link\" aria-label=\"\" href=\"#\" rel=\"follow noopener\" target=\"_self\" role=\"button\"><div class=\"uagb-button__link\">Request a quote<\/div><span class=\"uagb-button__icon uagb-button__icon-position-after\"><svg xmlns=\"https:\/\/www.w3.org\/2000\/svg\" viewbox=\"0 0 256 512\" aria-hidden=\"true\" focussable=\"false\"><path d=\"M64 448c-8.188 0-16.38-3.125-22.62-9.375c-12.5-12.5-12.5-32.75 0-45.25L178.8 256L41.38 118.6c-12.5-12.5-12.5-32.75 0-45.25s32.75-12.5 45.25 0l160 160c12.5 12.5 12.5 32.75 0 45.25l-160 160C80.38 444.9 72.19 448 64 448z\"><\/path><\/svg><\/span><\/a><\/div><\/div>\n<\/div><\/div>\n<\/div><\/div>\n\n\n\n<div data-aos= \"fade-up\" data-aos-duration=\"400\" data-aos-delay=\"0\" data-aos-easing=\"ease\" data-aos-once=\"true\" class=\"wp-block-uagb-container uagb-block-99c1dcd9 alignfull uagb-is-root-container\"><div class=\"uagb-container-inner-blocks-wrap\">\n<div class=\"wp-block-uagb-container image-right part-officiels order-1 uagb-block-d9a478bd\">\n<figure class=\"wp-block-image size-full br-16\" style=\"margin-top:0px;margin-bottom:0px\"><img loading=\"lazy\" decoding=\"async\" width=\"1500\" height=\"2249\" src=\"https:\/\/www.butard-enescot.com\/wp-content\/uploads\/2025\/10\/Nos-engagements-recrutement.jpg\" alt=\"\" class=\"wp-image-1348\" srcset=\"https:\/\/www.butard-enescot.com\/wp-content\/uploads\/2025\/10\/Nos-engagements-recrutement.jpg 1500w, https:\/\/www.butard-enescot.com\/wp-content\/uploads\/2025\/10\/Nos-engagements-recrutement-200x300.jpg 200w, https:\/\/www.butard-enescot.com\/wp-content\/uploads\/2025\/10\/Nos-engagements-recrutement-683x1024.jpg 683w, https:\/\/www.butard-enescot.com\/wp-content\/uploads\/2025\/10\/Nos-engagements-recrutement-768x1151.jpg 768w, https:\/\/www.butard-enescot.com\/wp-content\/uploads\/2025\/10\/Nos-engagements-recrutement-1024x1536.jpg 1024w, https:\/\/www.butard-enescot.com\/wp-content\/uploads\/2025\/10\/Nos-engagements-recrutement-1366x2048.jpg 1366w\" sizes=\"auto, (max-width: 1500px) 100vw, 1500px\" \/><\/figure>\n<\/div>\n\n\n\n<div class=\"wp-block-uagb-container d-block order-0 uagb-block-d159d907\">\n<figure class=\"wp-block-image size-full is-resized heart-image\"><img loading=\"lazy\" decoding=\"async\" width=\"276\" height=\"247\" src=\"https:\/\/www.butard-enescot.com\/wp-content\/uploads\/2025\/07\/recrutement.png\" alt=\"Ic\u00f4ne recrutement\" class=\"wp-image-248\" style=\"width:80px\"\/><\/figure>\n\n\n\n<div class=\"wp-block-uagb-advanced-heading uagb-block-8a122654\"><h2 class=\"uagb-heading-text\">Careers<\/h2><\/div>\n\n\n\n<p class=\"has-text-color has-link-color wp-elements-cf7366c8cc361cfa591133a0eb8301fc\" style=\"color:#b3b195\">Our Commitments are also reflected in our teams:<\/p>\n\n\n\n<div class=\"wp-block-uagb-icon-list uagb-block-d6fb9952 list-block-item-content\"><div class=\"uagb-icon-list__wrap\">\n<div class=\"wp-block-uagb-icon-list-child uagb-block-65cf3d7e\"><span class=\"uagb-icon-list__source-wrap\"><svg xmlns=\"https:\/\/www.w3.org\/2000\/svg\" viewbox=\"0 0 512 512\"><path d=\"M512 256C512 397.4 397.4 512 256 512C114.6 512 0 397.4 0 256C0 114.6 114.6 0 256 0C397.4 0 512 114.6 512 256z\"><\/path><\/svg><\/span><span class=\"uagb-icon-list__label\">Local Recruitment: over 60% of our staff come from Colombes.<\/span><\/div>\n\n\n\n<div class=\"wp-block-uagb-icon-list-child uagb-block-b9532351\"><span class=\"uagb-icon-list__source-wrap\"><svg xmlns=\"https:\/\/www.w3.org\/2000\/svg\" viewbox=\"0 0 512 512\"><path d=\"M512 256C512 397.4 397.4 512 256 512C114.6 512 0 397.4 0 256C0 114.6 114.6 0 256 0C397.4 0 512 114.6 512 256z\"><\/path><\/svg><\/span><span class=\"uagb-icon-list__label\">Valuing Apprenticeships and Skills Transfer: 8 apprenticeship positions offered each year.<\/span><\/div>\n\n\n\n<div class=\"wp-block-uagb-icon-list-child uagb-block-12d29aa7\"><span class=\"uagb-icon-list__source-wrap\"><svg xmlns=\"https:\/\/www.w3.org\/2000\/svg\" viewbox=\"0 0 512 512\"><path d=\"M512 256C512 397.4 397.4 512 256 512C114.6 512 0 397.4 0 256C0 114.6 114.6 0 256 0C397.4 0 512 114.6 512 256z\"><\/path><\/svg><\/span><span class=\"uagb-icon-list__label\">Supporting Employees with Diverse Backgrounds.<\/span><\/div>\n\n\n\n<div class=\"wp-block-uagb-icon-list-child uagb-block-e878c23a\"><span class=\"uagb-icon-list__source-wrap\"><svg xmlns=\"https:\/\/www.w3.org\/2000\/svg\" viewbox=\"0 0 512 512\"><path d=\"M512 256C512 397.4 397.4 512 256 512C114.6 512 0 397.4 0 256C0 114.6 114.6 0 256 0C397.4 0 512 114.6 512 256z\"><\/path><\/svg><\/span><span class=\"uagb-icon-list__label\">Dans le cadre de son engagement soci\u00e9tal, Butard Enescot s\u2019est associ\u00e9 avec l&rsquo;ESAT &#8211; les voies du bois, g\u00e9r\u00e9 par l\u2019association APEI de la Boucle de la Seine afin de promouvoir l&rsquo;inclusion par le travail des personnes en situation de handicap.\u200b<br>Nous avons pris soin de collaborer en amont avec l\u2019ESAT pour nous assurer des meilleures conditions de travail pour ces personnes qui participeront d\u00e9sormais \u00e0 la r\u00e9alisation de nos \u00e9v\u00e9nements, selon les exigences de qualit\u00e9 de service Butard Enescot.<\/span><\/div>\n\n\n\n<div class=\"wp-block-uagb-icon-list-child uagb-block-d5d02a4c\"><span class=\"uagb-icon-list__source-wrap\"><svg xmlns=\"https:\/\/www.w3.org\/2000\/svg\" viewbox=\"0 0 512 512\"><path d=\"M512 256C512 397.4 397.4 512 256 512C114.6 512 0 397.4 0 256C0 114.6 114.6 0 256 0C397.4 0 512 114.6 512 256z\"><\/path><\/svg><\/span><span class=\"uagb-icon-list__label\">L&rsquo;index de l&rsquo;\u00e9galit\u00e9 professionnelle est de 78% pour l&rsquo;ann\u00e9e 2025<\/span><\/div>\n<\/div><\/div>\n\n\n\n<p class=\"has-text-color has-link-color wp-elements-fd2616812b03533bdad16b1bfdf3ad93\" style=\"color:#b3b195;margin-top:0px;margin-bottom:0px\">Joining Butard Enescot means taking part in the journey of a high-end catering company, where expertise meets passion and innovation.<\/p>\n\n\n\n<p class=\"open-contact has-text-color has-link-color wp-elements-81fd372c5ae4c2410ea2c1a2f1a37458\" style=\"color:#b3b195;margin-top:20px;margin-bottom:0px;text-decoration:underline\">Join Us<\/p>\n<\/div>\n<\/div><\/div>\n\n\n\n<div class=\"wp-block-uagb-container uagb-block-31c1a9da alignfull uagb-is-root-container\"><div class=\"uagb-container-inner-blocks-wrap\">\n<p class=\"has-text-align-center has-accent-1-color has-text-color has-link-color has-tiemposfine-font-family wp-elements-ec1bcd624e12a55d6b66efb0575558c4\" style=\"margin-top:0px;margin-right:0px;margin-bottom:0px;margin-left:0px;font-size:clamp(24.034px, 1.502rem + ((1vw - 3.2px) * 1.565), 40px);\"><em><em><em><em><em><em>\u00ab A good dish never shouts; it greets the senses with subtlety. \u00bb<\/em><\/em><\/em><\/em><\/em><\/em><\/p>\n\n\n\n<p class=\"has-text-align-center has-accent-1-color has-text-color has-link-color has-tiemposfine-font-family wp-elements-494c817ccb3dcb94b968125442c1df8b\" style=\"margin-top:0px;margin-bottom:0px;font-size:clamp(18.959px, 1.185rem + ((1vw - 3.2px) * 1.082), 30px);\"><em><em>Honor\u00e9 Butard<\/em><\/em><\/p>\n<\/div><\/div>\n\n\n\n<div class=\"wp-block-uagb-container uagb-block-104456f8 alignfull uagb-is-root-container\">\n<figure style=\"margin-top:0px;margin-right:0px;margin-bottom:0px;margin-left:0px\" class=\"wp-block-video\"><video height=\"1080\" style=\"aspect-ratio: 1720 \/ 1080;\" width=\"1720\" autoplay loop muted src=\"https:\/\/www.butard-enescot.com\/wp-content\/uploads\/2025\/12\/Engagement-Butard_2.mp4\"><\/video><\/figure>\n<\/div>\n\n\n\n<div data-aos= \"fade-up\" data-aos-duration=\"400\" data-aos-delay=\"0\" data-aos-easing=\"ease\" data-aos-once=\"true\" class=\"wp-block-uagb-container uagb-block-ca23a5c2 alignfull uagb-is-root-container\"><div class=\"uagb-container-inner-blocks-wrap\">\n<div class=\"wp-block-uagb-container d-block uagb-block-7a978bd5\">\n<figure class=\"wp-block-image size-full is-resized heart-image\"><img loading=\"lazy\" decoding=\"async\" width=\"276\" height=\"247\" src=\"https:\/\/www.butard-enescot.com\/wp-content\/uploads\/2025\/07\/gaspillage-1.png\" alt=\"Ic\u00f4ne non gaspillage alimentaire\" class=\"wp-image-246\" style=\"width:80px\"\/><\/figure>\n\n\n\n<div class=\"wp-block-uagb-advanced-heading uagb-block-8ca1a0d4\"><h2 class=\"uagb-heading-text\">From product to impact<\/h2><\/div>\n\n\n\n<p class=\"has-text-color has-link-color wp-elements-d414c48fe317c0374ab3005a600d88e4\" style=\"color:#b3b195\">Each Butard Enescot menu reflects our passion for seasonal ingredients and our commitment to making gastronomy accessible to all: vegetarian, vegan, and gluten-free dishes now play a central role in our creations.<\/p>\n\n\n\n<p class=\"has-text-color has-link-color wp-elements-5a923be4f5fd771050340deab0db66e7\" style=\"color:#b3b195;margin-bottom:0px\">At the same time, we work to reduce food waste: through our partnership with SAVR, surpluses are redistributed and valorized, allowing every event to contribute to a positive impact.<\/p>\n<\/div>\n\n\n\n<div class=\"wp-block-uagb-container image-right  part-officiels uagb-block-2877a851\">\n<figure class=\"wp-block-image size-full br-16\" style=\"margin-top:0px;margin-bottom:0px\"><img loading=\"lazy\" decoding=\"async\" width=\"1500\" height=\"2249\" src=\"https:\/\/www.butard-enescot.com\/wp-content\/uploads\/2025\/10\/Nos-engagements-carte-gaspillage-alimentaire.jpg\" alt=\"\" class=\"wp-image-1350\" srcset=\"https:\/\/www.butard-enescot.com\/wp-content\/uploads\/2025\/10\/Nos-engagements-carte-gaspillage-alimentaire.jpg 1500w, https:\/\/www.butard-enescot.com\/wp-content\/uploads\/2025\/10\/Nos-engagements-carte-gaspillage-alimentaire-200x300.jpg 200w, https:\/\/www.butard-enescot.com\/wp-content\/uploads\/2025\/10\/Nos-engagements-carte-gaspillage-alimentaire-683x1024.jpg 683w, https:\/\/www.butard-enescot.com\/wp-content\/uploads\/2025\/10\/Nos-engagements-carte-gaspillage-alimentaire-768x1151.jpg 768w, https:\/\/www.butard-enescot.com\/wp-content\/uploads\/2025\/10\/Nos-engagements-carte-gaspillage-alimentaire-1024x1536.jpg 1024w, https:\/\/www.butard-enescot.com\/wp-content\/uploads\/2025\/10\/Nos-engagements-carte-gaspillage-alimentaire-1366x2048.jpg 1366w\" sizes=\"auto, (max-width: 1500px) 100vw, 1500px\" \/><\/figure>\n<\/div>\n<\/div><\/div>\n\n\n\n<div data-aos= \"fade-up\" data-aos-duration=\"400\" data-aos-delay=\"0\" data-aos-easing=\"ease\" data-aos-once=\"true\" class=\"wp-block-uagb-container uagb-block-1d8a573c alignfull uagb-is-root-container\"><div class=\"uagb-container-inner-blocks-wrap\">\n<div class=\"wp-block-uagb-container image-right part-officiels order-1 uagb-block-d92aa924\">\n<figure class=\"wp-block-image size-full br-16\" style=\"margin-top:0px;margin-bottom:0px\"><img loading=\"lazy\" decoding=\"async\" width=\"1500\" height=\"2249\" src=\"https:\/\/www.butard-enescot.com\/wp-content\/uploads\/2025\/10\/Nos-engagements-recyclage.jpg\" alt=\"\" class=\"wp-image-1351\" srcset=\"https:\/\/www.butard-enescot.com\/wp-content\/uploads\/2025\/10\/Nos-engagements-recyclage.jpg 1500w, https:\/\/www.butard-enescot.com\/wp-content\/uploads\/2025\/10\/Nos-engagements-recyclage-200x300.jpg 200w, https:\/\/www.butard-enescot.com\/wp-content\/uploads\/2025\/10\/Nos-engagements-recyclage-683x1024.jpg 683w, https:\/\/www.butard-enescot.com\/wp-content\/uploads\/2025\/10\/Nos-engagements-recyclage-768x1151.jpg 768w, https:\/\/www.butard-enescot.com\/wp-content\/uploads\/2025\/10\/Nos-engagements-recyclage-1024x1536.jpg 1024w, https:\/\/www.butard-enescot.com\/wp-content\/uploads\/2025\/10\/Nos-engagements-recyclage-1366x2048.jpg 1366w\" sizes=\"auto, (max-width: 1500px) 100vw, 1500px\" \/><\/figure>\n<\/div>\n\n\n\n<div class=\"wp-block-uagb-container d-block order-0 uagb-block-3c5766cc\">\n<figure class=\"wp-block-image size-full is-resized heart-image\"><img loading=\"lazy\" decoding=\"async\" width=\"276\" height=\"247\" src=\"https:\/\/www.butard-enescot.com\/wp-content\/uploads\/2025\/07\/recyclage.png\" alt=\"Ic\u00f4ne recyclage\" class=\"wp-image-245\" style=\"width:80px\"\/><\/figure>\n\n\n\n<div class=\"wp-block-uagb-advanced-heading uagb-block-c50709ef\"><h2 class=\"uagb-heading-text\">Recycling<\/h2><\/div>\n\n\n\n<p class=\"has-text-color has-link-color wp-elements-f569ec0f2b5cb7832bc1609bf967448c\" style=\"color:#b3b195\">Culinary innovation is accompanied by a thoughtful approach to our materials and service methods.<br>Our teams develop solutions to minimize waste, whether it involves packaging or event equipment.<\/p>\n\n\n\n<p class=\"has-text-color has-link-color wp-elements-6ff58b5fc88b9305593d1b24043564cb\" style=\"color:#b3b195\">Waste collection, sorting, and valorization during events are also managed by SAVR, following five streams: glass, cardboard, general waste, organic waste, and plastics.<\/p>\n\n\n\n<p class=\"has-text-color has-link-color wp-elements-d6691b01e303540b1480b56b81a4357e\" style=\"color:#b3b195;margin-bottom:0px\">Whenever the event allows, we make it a priority to offer more environmentally friendly solutions, such as serving hot dishes in cocottes for meals or in bowls for cocktails, instead of single-use containers.<br>Our sites are ISO 20121 certified, a guarantee of responsible and sustainable organization.<\/p>\n<\/div>\n<\/div><\/div>","protected":false},"excerpt":{"rendered":"<p>Nos engagements Un engagement durable et humain, au service du go\u00fbt, de nos clientset du sens que nous donnons \u00e0 chaque exp\u00e9rience. Satisfaction client La satisfaction client est au c\u0153ur de l\u2019ADN de Butard Enescot.Chaque r\u00e9ception est con\u00e7ue comme une \u0153uvre sur mesure, pens\u00e9e dans ses moindres d\u00e9tails, pour offrir \u00e0 nos convives une exp\u00e9rience [&hellip;]<\/p>\n","protected":false},"author":1,"featured_media":0,"parent":0,"menu_order":0,"comment_status":"closed","ping_status":"closed","template":"butard-refonte","meta":{"_uag_custom_page_level_css":"","footnotes":""},"class_list":["post-229","page","type-page","status-publish","hentry"],"uagb_featured_image_src":{"full":false,"thumbnail":false,"medium":false,"medium_large":false,"large":false,"1536x1536":false,"2048x2048":false,"trp-custom-language-flag":false},"uagb_author_info":{"display_name":"technique@celaneo.com","author_link":"https:\/\/www.butard-enescot.com\/en\/author\/techniquecelaneo-com\/"},"uagb_comment_info":0,"uagb_excerpt":"Nos engagements Un engagement durable et humain, au service du go\u00fbt, de nos clientset du sens que nous donnons \u00e0 chaque exp\u00e9rience. Satisfaction client La satisfaction client est au c\u0153ur de l\u2019ADN de Butard Enescot.Chaque r\u00e9ception est con\u00e7ue comme une \u0153uvre sur mesure, pens\u00e9e dans ses moindres d\u00e9tails, pour offrir \u00e0 nos convives une exp\u00e9rience&hellip;","_links":{"self":[{"href":"https:\/\/www.butard-enescot.com\/en\/wp-json\/wp\/v2\/pages\/229","targetHints":{"allow":["GET"]}}],"collection":[{"href":"https:\/\/www.butard-enescot.com\/en\/wp-json\/wp\/v2\/pages"}],"about":[{"href":"https:\/\/www.butard-enescot.com\/en\/wp-json\/wp\/v2\/types\/page"}],"author":[{"embeddable":true,"href":"https:\/\/www.butard-enescot.com\/en\/wp-json\/wp\/v2\/users\/1"}],"replies":[{"embeddable":true,"href":"https:\/\/www.butard-enescot.com\/en\/wp-json\/wp\/v2\/comments?post=229"}],"version-history":[{"count":155,"href":"https:\/\/www.butard-enescot.com\/en\/wp-json\/wp\/v2\/pages\/229\/revisions"}],"predecessor-version":[{"id":2381,"href":"https:\/\/www.butard-enescot.com\/en\/wp-json\/wp\/v2\/pages\/229\/revisions\/2381"}],"wp:attachment":[{"href":"https:\/\/www.butard-enescot.com\/en\/wp-json\/wp\/v2\/media?parent=229"}],"curies":[{"name":"wp","href":"https:\/\/api.w.org\/{rel}","templated":true}]}}